{"id":56,"date":"2026-01-16T19:26:46","date_gmt":"2026-01-16T18:26:46","guid":{"rendered":"https:\/\/www6.aero-ibe.de\/Wordpress\/?page_id=56"},"modified":"2026-01-16T19:28:39","modified_gmt":"2026-01-16T18:28:39","slug":"partnerschaft","status":"publish","type":"page","link":"https:\/\/www.aeroplan.de\/?page_id=56","title":{"rendered":"Partnerschaft"},"content":{"rendered":"\t\t<div data-elementor-type=\"wp-page\" data-elementor-id=\"56\" class=\"elementor elementor-56\">\n\t\t\t\t<div class=\"elementor-element elementor-element-0e83976 e-flex e-con-boxed e-con e-parent\" data-id=\"0e83976\" data-element_type=\"container\">\n\t\t\t\t\t<div class=\"e-con-inner\">\n\t\t\t\t<div class=\"elementor-element elementor-element-0e2e6b8 elementor-widget elementor-widget-text-editor\" data-id=\"0e2e6b8\" data-element_type=\"widget\" data-widget_type=\"text-editor.default\">\n\t\t\t\t\t\t\t\t\t<p>Eine gro\u00dfe Chance f\u00fcr Sie und uns \u2013 das ist die AEROPLAN Partnerschaft.<br \/>Egal ob innovatives StartUp, ideenreicher Gr\u00fcnder oder professioneller Tourismus-Profi:<br \/><strong>Gemeinsam realisieren wir Ihre Tourismusidee der Zukunft!<\/strong><\/p><h2>Gesch\u00e4ftskontakt<\/h2><p>Interesse? Fragen? Dann schnell eine E-Mail an\u00a0<strong><a href=\"mailto:geschaeftsleitung@aeroplan.de\">geschaeftsleitung@aeroplan.de<\/a><\/strong>\u00a0und die Umsetzung Ihrer Gesch\u00e4ftsidee ist schon ein ganzes St\u00fcck n\u00e4her!<\/p>\t\t\t\t\t\t\t\t<\/div>\n\t\t\t\t\t<\/div>\n\t\t\t\t<\/div>\n\t\t\t\t<\/div>\n\t\t","protected":false},"excerpt":{"rendered":"<p>Eine gro\u00dfe Chance f\u00fcr Sie und uns \u2013 das ist die AEROPLAN Partnerschaft.Egal ob innovatives StartUp, ideenreicher Gr\u00fcnder oder professioneller Tourismus-Profi:Gemeinsam realisieren wir Ihre Tourismusidee der Zukunft! Gesch\u00e4ftskontakt Interesse? Fragen? Dann schnell eine E-Mail an\u00a0geschaeftsleitung@aeroplan.de\u00a0und die Umsetzung Ihrer Gesch\u00e4ftsidee ist schon ein ganzes St\u00fcck n\u00e4her!<\/p>\n","protected":false},"author":1,"featured_media":0,"parent":0,"menu_order":0,"comment_status":"closed","ping_status":"closed","template":"","meta":{"footnotes":""},"class_list":["post-56","page","type-page","status-publish","hentry"],"_links":{"self":[{"href":"https:\/\/www.aeroplan.de\/index.php?rest_route=\/wp\/v2\/pages\/56","targetHints":{"allow":["GET"]}}],"collection":[{"href":"https:\/\/www.aeroplan.de\/index.php?rest_route=\/wp\/v2\/pages"}],"about":[{"href":"https:\/\/www.aeroplan.de\/index.php?rest_route=\/wp\/v2\/types\/page"}],"author":[{"embeddable":true,"href":"https:\/\/www.aeroplan.de\/index.php?rest_route=\/wp\/v2\/users\/1"}],"replies":[{"embeddable":true,"href":"https:\/\/www.aeroplan.de\/index.php?rest_route=%2Fwp%2Fv2%2Fcomments&post=56"}],"version-history":[{"count":7,"href":"https:\/\/www.aeroplan.de\/index.php?rest_route=\/wp\/v2\/pages\/56\/revisions"}],"predecessor-version":[{"id":63,"href":"https:\/\/www.aeroplan.de\/index.php?rest_route=\/wp\/v2\/pages\/56\/revisions\/63"}],"wp:attachment":[{"href":"https:\/\/www.aeroplan.de\/index.php?rest_route=%2Fwp%2Fv2%2Fmedia&parent=56"}],"curies":[{"name":"wp","href":"https:\/\/api.w.org\/{rel}","templated":true}]}}