{"id":48,"date":"2026-01-16T19:22:03","date_gmt":"2026-01-16T18:22:03","guid":{"rendered":"https:\/\/www6.aero-ibe.de\/Wordpress\/?page_id=48"},"modified":"2026-01-16T19:26:03","modified_gmt":"2026-01-16T18:26:03","slug":"reiseinformation","status":"publish","type":"page","link":"https:\/\/www.aeroplan.de\/?page_id=48","title":{"rendered":"Reiseinformation"},"content":{"rendered":"\t\t<div data-elementor-type=\"wp-page\" data-elementor-id=\"48\" class=\"elementor elementor-48\">\n\t\t\t\t<div class=\"elementor-element elementor-element-e416d5b e-flex e-con-boxed e-con e-parent\" data-id=\"e416d5b\" data-element_type=\"container\">\n\t\t\t\t\t<div class=\"e-con-inner\">\n\t\t\t\t<div class=\"elementor-element elementor-element-1a8a5da elementor-widget elementor-widget-text-editor\" data-id=\"1a8a5da\" data-element_type=\"widget\" data-widget_type=\"text-editor.default\">\n\t\t\t\t\t\t\t\t\t<h2><strong>Allgemeine Infos<\/strong><\/h2><p><a href=\"https:\/\/web.archive.org\/web\/20251009175935\/https:\/\/www.auswaertiges-amt.de\/de\/aussenpolitik\/laender\" target=\"_blank\" rel=\"noopener\">L\u00e4nder-Information (Ausw\u00e4rtiges Amt)<\/a><br \/><a href=\"https:\/\/web.archive.org\/web\/20251009175935\/http:\/\/www.visum.de\/\" target=\"_blank\" rel=\"noopener\">Visum-Information<\/a><br \/><a href=\"https:\/\/web.archive.org\/web\/20251009175935\/https:\/\/www.bahn.de\/\" target=\"_blank\" rel=\"noopener\">Deutsche Bahn<\/a><br \/><a href=\"https:\/\/web.archive.org\/web\/20251009175935\/https:\/\/www.schulferien.org\/\" target=\"_blank\" rel=\"noopener\">Schulferien<\/a><br \/><a href=\"https:\/\/web.archive.org\/web\/20251009175935\/https:\/\/www.oanda.com\/lang\/de\/currency\/converter\/\" target=\"_blank\" rel=\"noopener\">W\u00e4hrungsumrechner<\/a><br \/><a href=\"https:\/\/web.archive.org\/web\/20251009175935\/https:\/\/www.wetteronline.de\/\" target=\"_blank\" rel=\"noopener\">Reisewetter<\/a><br \/><a href=\"https:\/\/web.archive.org\/web\/20251009175935\/https:\/\/www.schulferien.org\/deutschland\/feiertage\/\" target=\"_blank\" rel=\"noopener\">Feiertage<\/a><\/p><h2><strong>Gesundheit<\/strong><\/h2><p><a href=\"https:\/\/web.archive.org\/web\/20251009175935\/https:\/\/www.auswaertiges-amt.de\/de\/ReiseUndSicherheit\/reisemedizin\" target=\"_blank\" rel=\"noopener\">Reisemedizin (Ausw\u00e4rtiges Amt)<\/a><br \/><a href=\"https:\/\/web.archive.org\/web\/20251009175935\/http:\/\/www.bsk-reisen.org\/\" target=\"_blank\" rel=\"noopener\">Reisen mit Behinderung<\/a><\/p><h2><strong>Vereinigte Staaten<\/strong><\/h2><p>Wenn Sie als Inhaber eines deutschen Reisepasses visumfrei in die USA reisen, m\u00fcssen Sie zun\u00e4chst eine ESTA Reisegenehmigung beantragen.<br \/>Die ESTA Genehmigung gilt f\u00fcr beliebig viele Einreisen in die USA f\u00fcr die Dauer von bis zu zwei Jahren. Sie m\u00fcssen f\u00fcr ESTA eine Geb\u00fchr in H\u00f6he von 14 US-Dollar per Kredit- oder Debitkarte zahlen (Mastercard, Visa, American Express oder Discover).<br \/>Weitere Informationen zur ESTA-Beantragung finden Sie unter:\u00a0<a href=\"https:\/\/web.archive.org\/web\/20251009175935\/https:\/\/esta.cbp.dhs.gov\/\" target=\"_blank\" rel=\"noopener\">https:\/\/esta.cbp.dhs.gov<\/a>.<br \/>Seit dem 21.Januar 2016 werden viele Doppelstaatler und Besucher der L\u00e4nder Iran, Irak, Syrien und Sudan seit M\u00e4rz 2011 von der ESTA- Regel ausgenommen und m\u00fcssen zwingend doch wieder ein Visum f\u00fcr die USA beantragen.<br \/>Informieren Sie sich rechtzeitig \u00fcber die neuesten Bestimmungen unter:\u00a0<a href=\"https:\/\/web.archive.org\/web\/20251009175935\/http:\/\/ustraveldocs.com\/de\" target=\"_blank\" rel=\"noopener\">http:\/\/ustraveldocs.com\/de<\/a>.<\/p><h3>Zus\u00e4tzlich notwendig: Secure Flight Passenger Data!<\/h3><p>Das US Department of Homeland Security fordert die Erf\u00fcllung zus\u00e4tzlicher Auflagen bei Fl\u00fcgen in die Vereinigten Staaten.<br \/>So ist es zwingend erforderlich, dass erweiterte Passagierdaten sp\u00e4testens 72 Stunden vor Abflug im Reservierungssystem der Fluggesellschaft vorhanden sein m\u00fcssen. Etliche Fluggesellschaften haben mittlerweile ihre Reservierungssysteme so angepasst, dass die Ausstellung eines Flugtickets unterdr\u00fcckt wird, sollten die erweiterten Passagierdaten nicht vorliegen. Das hei\u00dft nichts anderes, als dass die Passagierdaten m\u00f6glichst unmittelbar nach Buchung erg\u00e4nzt werden m\u00fcssen.<\/p><h3>Informationen zum \u201aSecure Flight Passenger Data\u2018<\/h3><p>Das TSA Secure Flight Programm \u201eSecure Flight Final Rule\u201c ist ein Programm der Transportation Security Administration (TSA), einer U.S.-amerikanischen Beh\u00f6rde. Es dient der einheitlichen Abgleichung von Beobachtungslisten der U.S.-Administration. Das Secure Flight Programm soll die Sicherheit auf internationalen und inneramerikanischen kommerziellen Flugreisen erh\u00f6hen. Hierzu erfolgt ein optimierter Abgleich von Beobachtungslisten, u.a. um zu verhindern, dass Personen, die auf der \u201eNo Fly\u201c Liste stehen, an Bord eines Flugzeuges gelangen. Generell gilt, dass die TSA ab dem 01.11.2010 grunds\u00e4tzlich keine Buchungen mehr akzeptiert, die keine Secure Flight Passenger Daten (SFPD) enthalten.<\/p><p>Was bedeutet Secure Flight f\u00fcr den Flugreisenden? Bei Buchung von Fl\u00fcgen in\/aus die USA m\u00fcssen alle Flugg\u00e4ste folgende Angaben zwingend machen: \u2013 Vollst\u00e4ndiger Name (wie auf dem g\u00fcltigen, amtlichen Reisepass angegeben), Geburtsdatum, Geschlecht und Reisepassinformationen.<\/p><p>Personen, die falsch identifiziert werden, k\u00f6nnen unter www.dhs.gov\/trip eine Redress-Nummer (Entsch\u00e4digungsnummer) beantragen, um Falschidentifizierungen in Zukunft zu vermeiden.<\/p><p>Die TSA hat angeordnet, dass alle Airlines, die einen Flug in\/aus den USA durchf\u00fchren, diese Angaben 72 Stunden vor dem geplanten Flug an die TSA weiterleiten m\u00fcssen, sofern bereits ein Ticket ausgestellt ist. Dort werden die Daten mit der No Fly- und der Selectee-Beobachtungsliste (Watchlist) abgeglichen. Die TSA \u00fcbermittelt das Ergebnis des Abgleichs zum Zeitpunkt des Check-In\u2019s an die den Flug durchf\u00fchrende Airline, und sofern der Abgleich negativ ist (der Passagier ist nicht auf der Beobachtungsliste) kann die Bordkarte gedruckt werden, der Kunde die Flugreise antreten und in die USA einreisen. (unter Beachtung der weiterhin jeweils g\u00fcltigen Einreisebestimmungen) Sofern ein positiver Abgleich mit der Selectee Liste stattfindet, k\u00f6nnen am Flughafen \u00fcber ein manuelles Verfahren (z.B. \u00fcber TSA Call Center) zus\u00e4tzliche Kriterien gepr\u00fcft werden, die zu einem endg\u00fcltigen Ergebnis f\u00fchren. Bei positivem Abgleich mit der \u201eNo Fly\u201c Liste, darf der Gast nicht an Bord, d.h. die gebuchte Flugreise nicht antreten.<\/p><h2><strong>Kanada<\/strong><\/h2><p>Wenn Sie als Inhaber eines deutschen Reisepasses visumfrei nach Kanada reisen, m\u00fcssen Sie zun\u00e4chst eine eTA Reisegenehmigung beantragen.<br \/>Die eTA Genehmigung gilt f\u00fcr beliebig viele Einreisen nach Kanada f\u00fcr einen Aufenthalt von je maximal 6 Mnaten, f\u00fcr die Dauer von bis zu f\u00fcnf Jahren.<br \/>Ab 15.03.2016 (Einreise) m\u00fcssen Sie eine eTA Reisegenehmigung beantragen, es f\u00e4llt eine per Kreditkarte zahlbare Geb\u00fchr von derzeit 7 CAN\u2212$ an.<br \/>Informationen zur eTA-Beantragung finden Sie unter:\u00a0<a href=\"https:\/\/web.archive.org\/web\/20251009175935\/http:\/\/www.cic.gc.ca\/english\/visit\/tourist.asp\" target=\"_blank\" rel=\"noopener\">http:\/\/www.cic.gc.ca\/english\/visit\/tourist.asp<\/a>.<\/p>\t\t\t\t\t\t\t\t<\/div>\n\t\t\t\t\t<\/div>\n\t\t\t\t<\/div>\n\t\t\t\t<\/div>\n\t\t","protected":false},"excerpt":{"rendered":"<p>Allgemeine Infos L\u00e4nder-Information (Ausw\u00e4rtiges Amt)Visum-InformationDeutsche BahnSchulferienW\u00e4hrungsumrechnerReisewetterFeiertage Gesundheit Reisemedizin (Ausw\u00e4rtiges Amt)Reisen mit Behinderung Vereinigte Staaten Wenn Sie als Inhaber eines deutschen Reisepasses visumfrei in die USA reisen, m\u00fcssen Sie zun\u00e4chst eine ESTA Reisegenehmigung beantragen.Die ESTA Genehmigung gilt f\u00fcr beliebig viele Einreisen in die USA f\u00fcr die Dauer von bis zu zwei Jahren. Sie m\u00fcssen f\u00fcr ESTA [&hellip;]<\/p>\n","protected":false},"author":1,"featured_media":0,"parent":0,"menu_order":0,"comment_status":"closed","ping_status":"closed","template":"","meta":{"footnotes":""},"class_list":["post-48","page","type-page","status-publish","hentry"],"_links":{"self":[{"href":"https:\/\/www.aeroplan.de\/index.php?rest_route=\/wp\/v2\/pages\/48","targetHints":{"allow":["GET"]}}],"collection":[{"href":"https:\/\/www.aeroplan.de\/index.php?rest_route=\/wp\/v2\/pages"}],"about":[{"href":"https:\/\/www.aeroplan.de\/index.php?rest_route=\/wp\/v2\/types\/page"}],"author":[{"embeddable":true,"href":"https:\/\/www.aeroplan.de\/index.php?rest_route=\/wp\/v2\/users\/1"}],"replies":[{"embeddable":true,"href":"https:\/\/www.aeroplan.de\/index.php?rest_route=%2Fwp%2Fv2%2Fcomments&post=48"}],"version-history":[{"count":7,"href":"https:\/\/www.aeroplan.de\/index.php?rest_route=\/wp\/v2\/pages\/48\/revisions"}],"predecessor-version":[{"id":55,"href":"https:\/\/www.aeroplan.de\/index.php?rest_route=\/wp\/v2\/pages\/48\/revisions\/55"}],"wp:attachment":[{"href":"https:\/\/www.aeroplan.de\/index.php?rest_route=%2Fwp%2Fv2%2Fmedia&parent=48"}],"curies":[{"name":"wp","href":"https:\/\/api.w.org\/{rel}","templated":true}]}}