{"id":40,"date":"2026-01-16T19:20:15","date_gmt":"2026-01-16T18:20:15","guid":{"rendered":"https:\/\/www6.aero-ibe.de\/Wordpress\/?page_id=40"},"modified":"2026-01-16T19:21:44","modified_gmt":"2026-01-16T18:21:44","slug":"ueber-uns","status":"publish","type":"page","link":"https:\/\/www.aeroplan.de\/?page_id=40","title":{"rendered":"\u00dcber uns"},"content":{"rendered":"\t\t<div data-elementor-type=\"wp-page\" data-elementor-id=\"40\" class=\"elementor elementor-40\">\n\t\t\t\t<div class=\"elementor-element elementor-element-bab6ae8 e-flex e-con-boxed e-con e-parent\" data-id=\"bab6ae8\" data-element_type=\"container\">\n\t\t\t\t\t<div class=\"e-con-inner\">\n\t\t\t\t<div class=\"elementor-element elementor-element-088f6ab elementor-widget elementor-widget-text-editor\" data-id=\"088f6ab\" data-element_type=\"widget\" data-widget_type=\"text-editor.default\">\n\t\t\t\t\t\t\t\t\t<h2>Seit mehr als 35 Jahren f\u00fcr Sie da<\/h2><p>Die Aeroplan Reise GmbH wurde 1980 in K\u00f6ln gegr\u00fcndet. Das Unternehmen, das neue Wege in der Reisebranche wagte, in dem es freie Flug- und Hotelkapazit\u00e4ten aufsp\u00fcrte und an Reiseb\u00fcros vermittelte, hat sich auf dem Markt fest etabliert. Kreatives, unternehmerisches Denken und der Mut zu Neuem, haben die au\u00dfergew\u00f6hnlichen Erfolge des Unternehmens m\u00f6glich gemacht. Zielgerichtete Marktanalysen, sehr gute internationale Kontakte und die hohe fachliche Kompetenz aller Mitarbeiter, haben das Wachstum des Unternehmens auf eine stabile Grundlage gestellt. Die kontinuierliche Weiterentwicklung kundenfreundlicher Angebote, die eine Vielzahl von individuellen Wahlm\u00f6glichkeiten zulassen, und ein Netz bew\u00e4hrter Reiseb\u00fcros, lassen die Erf\u00fcllung fast jeden Urlaubswunsches zu.<\/p><p>Zu Beginn der achtziger Jahre bot AEROPLAN K\u00f6ln in erster Linie Weltweitfl\u00fcge an, um dann systematisch die Angebotspalette zu verfeinern. G\u00fcnstige Preise und guter Service gingen mit dieser Entwicklung einher. Erweitert wurden diese Angebote um Direktbuchungsm\u00f6glichkeiten f\u00fcr Hotels und Mietwagen auf allen Kontinenten. Die Spezialgebiete bilden Asien und Nord Amerika; AEROPLAN K\u00f6ln bietet seinen Kunden einen j\u00e4hrlich erscheinenden USA Katalog mit einer gro\u00dfen Anzahl gut durchdachter und individuell organisierter Reisen an. Dabei bedient sich das Unternehmen aller f\u00fchrenden Linienfluggesellschaften.<\/p><p>Alle Angebote, die das AEROPLAN K\u00f6ln-Team f\u00fcr die Kunden bereith\u00e4lt, sind professionell konzipiert und flexibel gestaltet, ob es sich nun um einen Flug nach Florida, einen Wochenendtrip nach New York (einschl. Besuch von Veranstaltungen), eine Badereise nach Thailand oder einen privaten Wellnesaufenthalt in Goa handelt.<br \/>Auch die Reisen in den Vorderen Orient, nach Afrika und S\u00fcdamerika haben stark zugenommen \u2013 und nat\u00fcrlich sind Europa- &amp; St\u00e4dtereisen konstante Nachfragegaranten.<br \/>Ein sehr wichtiges Standbein ist auch die eigene Abteilung f\u00fcr ethnische Kunden und ihre spezifischen Reisew\u00fcnsche.<br \/>Eine Incentive- und Gruppenabteilung rundet das Programm ab.<\/p><p>Die Aeroplan Reise GmbH betreibt eigene Buchungssysteme, die immer st\u00e4rker von Gesch\u00e4ftspartnern und Agenturen genutzt werden. Kooperationen mit Fluggesellschaften und Flugbuchungsportalen erweitern das stetig wachsende Angebot.<\/p>\t\t\t\t\t\t\t\t<\/div>\n\t\t\t\t\t<\/div>\n\t\t\t\t<\/div>\n\t\t\t\t<\/div>\n\t\t","protected":false},"excerpt":{"rendered":"<p>Seit mehr als 35 Jahren f\u00fcr Sie da Die Aeroplan Reise GmbH wurde 1980 in K\u00f6ln gegr\u00fcndet. Das Unternehmen, das neue Wege in der Reisebranche wagte, in dem es freie Flug- und Hotelkapazit\u00e4ten aufsp\u00fcrte und an Reiseb\u00fcros vermittelte, hat sich auf dem Markt fest etabliert. Kreatives, unternehmerisches Denken und der Mut zu Neuem, haben die [&hellip;]<\/p>\n","protected":false},"author":1,"featured_media":0,"parent":0,"menu_order":0,"comment_status":"closed","ping_status":"closed","template":"","meta":{"footnotes":""},"class_list":["post-40","page","type-page","status-publish","hentry"],"_links":{"self":[{"href":"https:\/\/www.aeroplan.de\/index.php?rest_route=\/wp\/v2\/pages\/40","targetHints":{"allow":["GET"]}}],"collection":[{"href":"https:\/\/www.aeroplan.de\/index.php?rest_route=\/wp\/v2\/pages"}],"about":[{"href":"https:\/\/www.aeroplan.de\/index.php?rest_route=\/wp\/v2\/types\/page"}],"author":[{"embeddable":true,"href":"https:\/\/www.aeroplan.de\/index.php?rest_route=\/wp\/v2\/users\/1"}],"replies":[{"embeddable":true,"href":"https:\/\/www.aeroplan.de\/index.php?rest_route=%2Fwp%2Fv2%2Fcomments&post=40"}],"version-history":[{"count":7,"href":"https:\/\/www.aeroplan.de\/index.php?rest_route=\/wp\/v2\/pages\/40\/revisions"}],"predecessor-version":[{"id":47,"href":"https:\/\/www.aeroplan.de\/index.php?rest_route=\/wp\/v2\/pages\/40\/revisions\/47"}],"wp:attachment":[{"href":"https:\/\/www.aeroplan.de\/index.php?rest_route=%2Fwp%2Fv2%2Fmedia&parent=40"}],"curies":[{"name":"wp","href":"https:\/\/api.w.org\/{rel}","templated":true}]}}