{"id":32,"date":"2026-01-16T18:00:13","date_gmt":"2026-01-16T17:00:13","guid":{"rendered":"https:\/\/www6.aero-ibe.de\/Wordpress\/?page_id=32"},"modified":"2026-01-16T19:07:05","modified_gmt":"2026-01-16T18:07:05","slug":"kontakt","status":"publish","type":"page","link":"https:\/\/www.aeroplan.de\/?page_id=32","title":{"rendered":"Kontakt"},"content":{"rendered":"\t\t<div data-elementor-type=\"wp-page\" data-elementor-id=\"32\" class=\"elementor elementor-32\">\n\t\t\t\t<div class=\"elementor-element elementor-element-69a547f e-flex e-con-boxed e-con e-parent\" data-id=\"69a547f\" data-element_type=\"container\">\n\t\t\t\t\t<div class=\"e-con-inner\">\n\t\t<div class=\"elementor-element elementor-element-647a0e1 e-con-full e-flex e-con e-child\" data-id=\"647a0e1\" data-element_type=\"container\">\n\t\t\t\t<div class=\"elementor-element elementor-element-cecb79d elementor-widget elementor-widget-html\" data-id=\"cecb79d\" data-element_type=\"widget\" data-widget_type=\"html.default\">\n\t\t\t\t\t<table>\n    <tr>\n        <td>\n            <b>AEROPLAN Seise GmbH<\/b>\n            <br>\n            Mauritiussteinweg 116\n            <br>\n            50676 K\u00f6ln\n        <\/td>\n    <\/tr>\n    <tr>\n        <td>\n            <br>\n            Telefon:\n            <br>\n            Iranfl\u00fcge:\n            <br>\n            Telefax\n        <\/td>\n        <td>\n            <br>\n            0 22 1 - 92 47 11\n            <br>\n            0 22 1 - 92 47 13 3\n            <br>\n            0 22 1 - 92 47 17\n        <\/td>\n    <\/tr>\n    <tr>\n        <td colspan=\"2\">\n            <br>\n            <b>\u00d6ffnungszeiten:<\/b>\n            <br>\n            Montag bis Freitag: 09:00 bis 18:00\n            <br>\n            Samstag: 09:00 bis 12:00\n        <\/td>\n    <\/tr>\n<\/table>\t\t\t\t<\/div>\n\t\t\t\t<\/div>\n\t\t<div class=\"elementor-element elementor-element-749d7ef e-con-full e-flex e-con e-child\" data-id=\"749d7ef\" data-element_type=\"container\">\n\t\t\t\t<div class=\"elementor-element elementor-element-b40f091 elementor-widget elementor-widget-html\" data-id=\"b40f091\" data-element_type=\"widget\" data-widget_type=\"html.default\">\n\t\t\t\t\t<table>\n    <tr>\n        <td>\n            <b>E-Mail-Kontakte<\/b>\n            <br><br>\n            <b>Gesch\u00e4ftsleitung<\/b>\n            <br>\n            geschaeftsleitung@aeroplan.de\n            <br>\n            <b>Kundenservice<\/b>\n            <br>\n            info@aeroplan.de\n        <\/td>\n    <\/tr>\n<\/table>\t\t\t\t<\/div>\n\t\t\t\t<\/div>\n\t\t\t\t\t<\/div>\n\t\t\t\t<\/div>\n\t\t<div class=\"elementor-element elementor-element-28bb126 e-flex e-con-boxed e-con e-parent\" data-id=\"28bb126\" data-element_type=\"container\">\n\t\t\t\t\t<div class=\"e-con-inner\">\n\t\t\t\t<div class=\"elementor-element elementor-element-bd42507 elementor-widget elementor-widget-text-editor\" data-id=\"bd42507\" data-element_type=\"widget\" data-widget_type=\"text-editor.default\">\n\t\t\t\t\t\t\t\t\t<h2><strong>Bewerbungen<\/strong><\/h2><h3><strong>Ausbildung zum\/zur Reiseverkehrskaufmann\/frau<\/strong><\/h3><p>Bitte senden Sie uns Ihre aussagekr\u00e4ftige Bewerbung zu.<\/p><h3><strong>Praktikum bei Aeroplan<\/strong><\/h3><p>Bitte senden Sie uns Ihren Lebenslauf, Ihre Zeitw\u00fcnsche und eine Begr\u00fcndung f\u00fcr Ihr Praktikum zu.<\/p><p><i>Wir freuen uns, von Ihnen zu h\u00f6ren.<\/i><\/p>\t\t\t\t\t\t\t\t<\/div>\n\t\t\t\t\t<\/div>\n\t\t\t\t<\/div>\n\t\t\t\t<\/div>\n\t\t","protected":false},"excerpt":{"rendered":"<p>AEROPLAN Seise GmbH Mauritiussteinweg 116 50676 K\u00f6ln Telefon: Iranfl\u00fcge: Telefax 0 22 1 &#8211; 92 47 11 0 22 1 &#8211; 92 47 13 3 0 22 1 &#8211; 92 47 17 \u00d6ffnungszeiten: Montag bis Freitag: 09:00 bis 18:00 Samstag: 09:00 bis 12:00 E-Mail-Kontakte Gesch\u00e4ftsleitung geschaeftsleitung@aeroplan.de Kundenservice info@aeroplan.de Bewerbungen Ausbildung zum\/zur Reiseverkehrskaufmann\/frau Bitte senden Sie [&hellip;]<\/p>\n","protected":false},"author":1,"featured_media":0,"parent":0,"menu_order":0,"comment_status":"closed","ping_status":"closed","template":"","meta":{"footnotes":""},"class_list":["post-32","page","type-page","status-publish","hentry"],"_links":{"self":[{"href":"https:\/\/www.aeroplan.de\/index.php?rest_route=\/wp\/v2\/pages\/32","targetHints":{"allow":["GET"]}}],"collection":[{"href":"https:\/\/www.aeroplan.de\/index.php?rest_route=\/wp\/v2\/pages"}],"about":[{"href":"https:\/\/www.aeroplan.de\/index.php?rest_route=\/wp\/v2\/types\/page"}],"author":[{"embeddable":true,"href":"https:\/\/www.aeroplan.de\/index.php?rest_route=\/wp\/v2\/users\/1"}],"replies":[{"embeddable":true,"href":"https:\/\/www.aeroplan.de\/index.php?rest_route=%2Fwp%2Fv2%2Fcomments&post=32"}],"version-history":[{"count":7,"href":"https:\/\/www.aeroplan.de\/index.php?rest_route=\/wp\/v2\/pages\/32\/revisions"}],"predecessor-version":[{"id":39,"href":"https:\/\/www.aeroplan.de\/index.php?rest_route=\/wp\/v2\/pages\/32\/revisions\/39"}],"wp:attachment":[{"href":"https:\/\/www.aeroplan.de\/index.php?rest_route=%2Fwp%2Fv2%2Fmedia&parent=32"}],"curies":[{"name":"wp","href":"https:\/\/api.w.org\/{rel}","templated":true}]}}